{"id":762,"date":"2024-09-19T23:00:33","date_gmt":"2024-09-19T21:00:33","guid":{"rendered":"https:\/\/pulsearena.net\/?page_id=762"},"modified":"2024-11-05T12:28:56","modified_gmt":"2024-11-05T11:28:56","slug":"soft-play","status":"publish","type":"page","link":"https:\/\/pulsearena.net\/en\/atrakcije\/soft-play\/","title":{"rendered":"Soft play"},"content":{"rendered":"<div data-elementor-type=\"wp-page\" data-elementor-id=\"762\" class=\"elementor elementor-762\" data-elementor-settings=\"{&quot;element_pack_global_tooltip_width&quot;:{&quot;unit&quot;:&quot;px&quot;,&quot;size&quot;:&quot;&quot;,&quot;sizes&quot;:[]},&quot;element_pack_global_tooltip_width_tablet&quot;:{&quot;unit&quot;:&quot;px&quot;,&quot;size&quot;:&quot;&quot;,&quot;sizes&quot;:[]},&quot;element_pack_global_tooltip_width_mobile&quot;:{&quot;unit&quot;:&quot;px&quot;,&quot;size&quot;:&quot;&quot;,&quot;sizes&quot;:[]},&quot;element_pack_global_tooltip_padding&quot;:{&quot;unit&quot;:&quot;px&quot;,&quot;top&quot;:&quot;&quot;,&quot;right&quot;:&quot;&quot;,&quot;bottom&quot;:&quot;&quot;,&quot;left&quot;:&quot;&quot;,&quot;isLinked&quot;:true},&quot;element_pack_global_tooltip_padding_tablet&quot;:{&quot;unit&quot;:&quot;px&quot;,&quot;top&quot;:&quot;&quot;,&quot;right&quot;:&quot;&quot;,&quot;bottom&quot;:&quot;&quot;,&quot;left&quot;:&quot;&quot;,&quot;isLinked&quot;:true},&quot;element_pack_global_tooltip_padding_mobile&quot;:{&quot;unit&quot;:&quot;px&quot;,&quot;top&quot;:&quot;&quot;,&quot;right&quot;:&quot;&quot;,&quot;bottom&quot;:&quot;&quot;,&quot;left&quot;:&quot;&quot;,&quot;isLinked&quot;:true},&quot;element_pack_global_tooltip_border_radius&quot;:{&quot;unit&quot;:&quot;px&quot;,&quot;top&quot;:&quot;&quot;,&quot;right&quot;:&quot;&quot;,&quot;bottom&quot;:&quot;&quot;,&quot;left&quot;:&quot;&quot;,&quot;isLinked&quot;:true},&quot;element_pack_global_tooltip_border_radius_tablet&quot;:{&quot;unit&quot;:&quot;px&quot;,&quot;top&quot;:&quot;&quot;,&quot;right&quot;:&quot;&quot;,&quot;bottom&quot;:&quot;&quot;,&quot;left&quot;:&quot;&quot;,&quot;isLinked&quot;:true},&quot;element_pack_global_tooltip_border_radius_mobile&quot;:{&quot;unit&quot;:&quot;px&quot;,&quot;top&quot;:&quot;&quot;,&quot;right&quot;:&quot;&quot;,&quot;bottom&quot;:&quot;&quot;,&quot;left&quot;:&quot;&quot;,&quot;isLinked&quot;:true}}\" data-elementor-post-type=\"page\">\n\t\t\t\t<div class=\"elementor-element elementor-element-03a0331 e-flex e-con-boxed e-con e-parent\" data-id=\"03a0331\" data-element_type=\"container\" data-settings=\"{&quot;background_background&quot;:&quot;classic&quot;}\">\n\t\t\t\t\t<div class=\"e-con-inner\">\n\t\t<div class=\"elementor-element elementor-element-4e10045 e-con-full e-flex e-con e-child\" data-id=\"4e10045\" data-element_type=\"container\">\n\t\t\t\t<div class=\"elementor-element elementor-element-203942d elementor-widget elementor-widget-heading\" data-id=\"203942d\" data-element_type=\"widget\" data-widget_type=\"heading.default\">\n\t\t\t\t<div class=\"elementor-widget-container\">\n\t\t\t\t\t<h1 class=\"elementor-heading-title elementor-size-default\">Soft play<\/h1>\t\t\t\t<\/div>\n\t\t\t\t<\/div>\n\t\t\t\t<div class=\"elementor-element elementor-element-695891f elementor-widget elementor-widget-heading\" data-id=\"695891f\" data-element_type=\"widget\" data-widget_type=\"heading.default\">\n\t\t\t\t<div class=\"elementor-widget-container\">\n\t\t\t\t\t<h2 class=\"elementor-heading-title elementor-size-default\">Fun for the little ones<\/h2>\t\t\t\t<\/div>\n\t\t\t\t<\/div>\n\t\t\t\t<\/div>\n\t\t\t\t\t<\/div>\n\t\t\t\t<\/div>\n\t\t<div class=\"elementor-element elementor-element-c5afc47 e-flex e-con-boxed e-con e-parent\" data-id=\"c5afc47\" data-element_type=\"container\" id=\"particles-js-4\">\n\t\t\t\t\t<div class=\"e-con-inner\">\n\t\t<div class=\"elementor-element elementor-element-5d6e8a8 e-con-full e-flex e-con e-child\" data-id=\"5d6e8a8\" data-element_type=\"container\">\n\t\t\t\t<div class=\"elementor-element elementor-element-5b07e36 elementor-widget__width-initial elementor-widget elementor-widget-text-editor\" data-id=\"5b07e36\" data-element_type=\"widget\" data-widget_type=\"text-editor.default\">\n\t\t\t\t<div class=\"elementor-widget-container\">\n\t\t\t\t\t\t\t\t\t<p>For the youngest children from 0 to 7 years old, Pulse Arena offers a soft play area with slides, balls and play equipment decorated in cheerful colors and specially fenced. Children in the soft play area must be supervised and accompanied by their parents. To use the soft play part, you need to have rubber socks, which can be purchased at the Pulse Arena reception.<\/p>\t\t\t\t\t\t\t\t<\/div>\n\t\t\t\t<\/div>\n\t\t\t\t<\/div>\n\t\t\t\t<div class=\"elementor-element elementor-element-a347488 elementor-widget elementor-widget-html\" data-id=\"a347488\" data-element_type=\"widget\" data-widget_type=\"html.default\">\n\t\t\t\t<div class=\"elementor-widget-container\">\n\t\t\t\t\t<style>\r\n.particles-js-canvas-el {\r\n    width: 100%;\r\n    height: 100%;\r\n    position: absolute;\r\n    z-index: -1;\r\n    top: 0;\r\n    left:0;\r\n}\r\n<\/style>\r\n<script src=\"https:\/\/cdn.jsdelivr.net\/particles.js\/2.0.0\/particles.min.js\"><\/script> \r\n<script>\r\n\/\/JS Code Here\r\nparticlesJS(\"particles-js-4\", {\"particles\":{\"number\":{\"value\":123,\"density\":{\"enable\":true,\"value_area\":1025.8919341219544}},\"color\":{\"value\":\"#ffffff\"},\"shape\":{\"type\":\"circle\",\"stroke\":{\"width\":0,\"color\":\"#000000\"},\"polygon\":{\"nb_sides\":5},\"image\":{\"src\":\"img\/github.svg\",\"width\":100,\"height\":100}},\"opacity\":{\"value\":0.5,\"random\":false,\"anim\":{\"enable\":false,\"speed\":1,\"opacity_min\":0.1,\"sync\":false}},\"size\":{\"value\":3,\"random\":true,\"anim\":{\"enable\":false,\"speed\":40,\"size_min\":0.1,\"sync\":false}},\"line_linked\":{\"enable\":true,\"distance\":150,\"color\":\"#ffffff\",\"opacity\":0.4,\"width\":1},\"move\":{\"enable\":true,\"speed\":1,\"direction\":\"none\",\"random\":false,\"straight\":false,\"out_mode\":\"out\",\"bounce\":false,\"attract\":{\"enable\":false,\"rotateX\":600,\"rotateY\":1200}}},\"interactivity\":{\"detect_on\":\"canvas\",\"events\":{\"onhover\":{\"enable\":false,\"mode\":\"repulse\"},\"onclick\":{\"enable\":false,\"mode\":\"push\"},\"resize\":true},\"modes\":{\"grab\":{\"distance\":400,\"line_linked\":{\"opacity\":1}},\"bubble\":{\"distance\":400,\"size\":40,\"duration\":2,\"opacity\":8,\"speed\":3},\"repulse\":{\"distance\":200,\"duration\":0.4},\"push\":{\"particles_nb\":4},\"remove\":{\"particles_nb\":2}}},\"retina_detect\":true});var count_particles, stats, update; stats = new Stats; stats.setMode(0); stats.domElement.style.position = 'absolute'; stats.domElement.style.left = '0px'; stats.domElement.style.top = '0px'; document.body.appendChild(stats.domElement); count_particles = document.querySelector('.js-count-particles'); update = function() { stats.begin(); stats.end(); if (window.pJSDom[0].pJS.particles && window.pJSDom[0].pJS.particles.array) { count_particles.innerText = window.pJSDom[0].pJS.particles.array.length; } requestAnimationFrame(update); }; requestAnimationFrame(update);;\r\n<\/script>\t\t\t\t<\/div>\n\t\t\t\t<\/div>\n\t\t\t\t\t<\/div>\n\t\t\t\t<\/div>\n\t\t<div class=\"elementor-element elementor-element-b1a1c17 e-flex e-con-boxed e-con e-parent\" data-id=\"b1a1c17\" data-element_type=\"container\" id=\"particles-js-5\">\n\t\t\t\t\t<div class=\"e-con-inner\">\n\t\t<div class=\"elementor-element elementor-element-9259425 e-con-full e-flex e-con e-child\" data-id=\"9259425\" data-element_type=\"container\">\n\t\t\t\t<div class=\"elementor-element elementor-element-4f4a1ce elementor-widget elementor-widget-pg-fixer\" data-id=\"4f4a1ce\" data-element_type=\"widget\" data-widget_type=\"pg-fixer.default\">\n\t\t\t\t<div class=\"elementor-widget-container\">\n\t\t\t\t\t\t\t<div class=\"pg-fixer-grid pg-grid\">\n\t\t\t\n\t\t<div class=\"pg-fixer-item pg-item elementor-repeater-item-f348673\">\n\t\t\t\t\t\t\t\t<div class=\"pg-fixer-image-wrap bdt-pg-img-mask\">\n\t\t\t<img fetchpriority=\"high\" decoding=\"async\" width=\"2560\" height=\"1707\" src=\"https:\/\/pulsearena.net\/wp-content\/uploads\/2024\/09\/20240829-VB8_5414-dng-scaled.jpg\" class=\"pg-fixer-img\" alt=\"Gallery Item one\" srcset=\"https:\/\/pulsearena.net\/wp-content\/uploads\/2024\/09\/20240829-VB8_5414-dng-scaled.jpg 2560w, https:\/\/pulsearena.net\/wp-content\/uploads\/2024\/09\/20240829-VB8_5414-dng-300x200.jpg 300w, https:\/\/pulsearena.net\/wp-content\/uploads\/2024\/09\/20240829-VB8_5414-dng-1024x683.jpg 1024w, https:\/\/pulsearena.net\/wp-content\/uploads\/2024\/09\/20240829-VB8_5414-dng-768x512.jpg 768w, https:\/\/pulsearena.net\/wp-content\/uploads\/2024\/09\/20240829-VB8_5414-dng-1536x1024.jpg 1536w, https:\/\/pulsearena.net\/wp-content\/uploads\/2024\/09\/20240829-VB8_5414-dng-2048x1365.jpg 2048w\" sizes=\"(max-width: 2560px) 100vw, 2560px\" \/>\t\t\t\t\t<\/div>\n\t\t\t\t\t<div class=\"pg-fixer-content\">\n\t\t\t\t\t\t\t\t\t\t\t<\/div>\n\t\t\t\t\t\t\t\t<a href=\"https:\/\/pulsearena.net\/wp-content\/uploads\/2024\/09\/20240829-VB8_5414-dng-scaled.jpg\" class=\"pg-open-lightbox\" data-elementor-open-lightbox=\"yes\" data-e-action-hash=\"#elementor-action%3Aaction%3Dlightbox%26settings%3DeyJpZCI6NzcwLCJ1cmwiOiJodHRwczpcL1wvcHVsc2VhcmVuYS5uZXRcL3dwLWNvbnRlbnRcL3VwbG9hZHNcLzIwMjRcLzA5XC8yMDI0MDgyOS1WQjhfNTQxNC1kbmctc2NhbGVkLmpwZyJ9\" data-elementor-lightbox-slideshow=\"pg-fixer-4f4a1ce\"><\/a>\n\t\t\t\t\t\t\t\t\t<\/div>\n\n\t\t\n\t\t<div class=\"pg-fixer-item pg-item elementor-repeater-item-c2e452f\">\n\t\t\t\t\t\t\t\t<div class=\"pg-fixer-image-wrap bdt-pg-img-mask\">\n\t\t\t<img decoding=\"async\" width=\"2560\" height=\"1707\" src=\"https:\/\/pulsearena.net\/wp-content\/uploads\/2024\/09\/20240829-VB8_5412-dng-scaled.jpg\" class=\"pg-fixer-img\" alt=\"Gallery Item two\" srcset=\"https:\/\/pulsearena.net\/wp-content\/uploads\/2024\/09\/20240829-VB8_5412-dng-scaled.jpg 2560w, https:\/\/pulsearena.net\/wp-content\/uploads\/2024\/09\/20240829-VB8_5412-dng-300x200.jpg 300w, https:\/\/pulsearena.net\/wp-content\/uploads\/2024\/09\/20240829-VB8_5412-dng-1024x683.jpg 1024w, https:\/\/pulsearena.net\/wp-content\/uploads\/2024\/09\/20240829-VB8_5412-dng-768x512.jpg 768w, https:\/\/pulsearena.net\/wp-content\/uploads\/2024\/09\/20240829-VB8_5412-dng-1536x1024.jpg 1536w, https:\/\/pulsearena.net\/wp-content\/uploads\/2024\/09\/20240829-VB8_5412-dng-2048x1365.jpg 2048w\" sizes=\"(max-width: 2560px) 100vw, 2560px\" \/>\t\t\t\t\t<\/div>\n\t\t\t\t\t<div class=\"pg-fixer-content\">\n\t\t\t\t\t\t\t\t\t\t\t<\/div>\n\t\t\t\t\t\t\t\t<a href=\"https:\/\/pulsearena.net\/wp-content\/uploads\/2024\/09\/20240829-VB8_5412-dng-scaled.jpg\" class=\"pg-open-lightbox\" data-elementor-open-lightbox=\"yes\" data-e-action-hash=\"#elementor-action%3Aaction%3Dlightbox%26settings%3DeyJpZCI6MTExNywidXJsIjoiaHR0cHM6XC9cL3B1bHNlYXJlbmEubmV0XC93cC1jb250ZW50XC91cGxvYWRzXC8yMDI0XC8wOVwvMjAyNDA4MjktVkI4XzU0MTItZG5nLXNjYWxlZC5qcGcifQ%3D%3D\" data-elementor-lightbox-slideshow=\"pg-fixer-4f4a1ce\"><\/a>\n\t\t\t\t\t\t\t\t\t<\/div>\n\n\t\t\n\t\t<div class=\"pg-fixer-item pg-item elementor-repeater-item-1a9b3c5\">\n\t\t\t\t\t\t\t\t<div class=\"pg-fixer-image-wrap bdt-pg-img-mask\">\n\t\t\t<img decoding=\"async\" width=\"2560\" height=\"1707\" src=\"https:\/\/pulsearena.net\/wp-content\/uploads\/2024\/09\/20240829-VB8_5416-dng-scaled.jpg\" class=\"pg-fixer-img\" alt=\"Gallery Item three\" srcset=\"https:\/\/pulsearena.net\/wp-content\/uploads\/2024\/09\/20240829-VB8_5416-dng-scaled.jpg 2560w, https:\/\/pulsearena.net\/wp-content\/uploads\/2024\/09\/20240829-VB8_5416-dng-300x200.jpg 300w, https:\/\/pulsearena.net\/wp-content\/uploads\/2024\/09\/20240829-VB8_5416-dng-1024x683.jpg 1024w, https:\/\/pulsearena.net\/wp-content\/uploads\/2024\/09\/20240829-VB8_5416-dng-768x512.jpg 768w, https:\/\/pulsearena.net\/wp-content\/uploads\/2024\/09\/20240829-VB8_5416-dng-1536x1024.jpg 1536w, https:\/\/pulsearena.net\/wp-content\/uploads\/2024\/09\/20240829-VB8_5416-dng-2048x1365.jpg 2048w\" sizes=\"(max-width: 2560px) 100vw, 2560px\" \/>\t\t\t\t\t<\/div>\n\t\t\t\t\t<div class=\"pg-fixer-content\">\n\t\t\t\t\t\t\t\t\t\t\t<\/div>\n\t\t\t\t\t\t\t\t<a href=\"https:\/\/pulsearena.net\/wp-content\/uploads\/2024\/09\/20240829-VB8_5416-dng-scaled.jpg\" class=\"pg-open-lightbox\" data-elementor-open-lightbox=\"yes\" data-e-action-hash=\"#elementor-action%3Aaction%3Dlightbox%26settings%3DeyJpZCI6MTExOCwidXJsIjoiaHR0cHM6XC9cL3B1bHNlYXJlbmEubmV0XC93cC1jb250ZW50XC91cGxvYWRzXC8yMDI0XC8wOVwvMjAyNDA4MjktVkI4XzU0MTYtZG5nLXNjYWxlZC5qcGcifQ%3D%3D\" data-elementor-lightbox-slideshow=\"pg-fixer-4f4a1ce\"><\/a>\n\t\t\t\t\t\t\t\t\t<\/div>\n\n\t\t\t\t<\/div>\n\t\t\t\t\t\t<\/div>\n\t\t\t\t<\/div>\n\t\t<div class=\"elementor-element elementor-element-be8b275 e-con-full e-flex e-con e-child\" data-id=\"be8b275\" data-element_type=\"container\">\n\t\t\t\t<div class=\"elementor-element elementor-element-d7fc2e0 elementor-align-center elementor-widget elementor-widget-button\" data-id=\"d7fc2e0\" data-element_type=\"widget\" data-widget_type=\"button.default\">\n\t\t\t\t<div class=\"elementor-widget-container\">\n\t\t\t\t\t\t\t\t\t<div class=\"elementor-button-wrapper\">\n\t\t\t\t\t<a class=\"elementor-button elementor-button-link elementor-size-sm\" href=\"https:\/\/pulsearena.net\/en\/cjenik\/\">\n\t\t\t\t\t\t<span class=\"elementor-button-content-wrapper\">\n\t\t\t\t\t\t\t\t\t<span class=\"elementor-button-text\">Price list<\/span>\n\t\t\t\t\t<\/span>\n\t\t\t\t\t<\/a>\n\t\t\t\t<\/div>\n\t\t\t\t\t\t\t\t<\/div>\n\t\t\t\t<\/div>\n\t\t\t\t<div class=\"elementor-element elementor-element-54c1ca6 elementor-widget__width-initial elementor-widget elementor-widget-text-editor\" data-id=\"54c1ca6\" data-element_type=\"widget\" data-widget_type=\"text-editor.default\">\n\t\t\t\t<div class=\"elementor-widget-container\">\n\t\t\t\t\t\t\t\t\t<p>RADNO VRIJEME Pulse Arene<\/p>\n<div>Monday - Thursday: 2pm - 9pm<\/div>\n<div>Friday: 14 \u2013 23h<\/div>\n<div>Saturday: 10 \u2013 23h<\/div>\n<div>Sunday: 10 \u2013 22h<\/div>\n<div class=\"ekit-single-day elementor-repeater-item-6ffa13f\" style=\"-webkit-tap-highlight-color: transparent; display: flex; -webkit-box-pack: justify; justify-content: space-between; -webkit-box-align: center; align-items: center; padding: 0px; border-bottom: 1px none rgba(0, 0, 0, 0.1); margin: 0px 200px 0px 0px; border-top-style: none; border-right-style: none; border-left-style: none; font-size: 16px; text-align: start;\"><span class=\"ekit-business-time\" style=\"display: inline-block; color: var( --e-global-color-text ); padding-right: 5px; margin-left: auto; background-color: rgba(0, 0, 0, 0);\">&nbsp;<\/span><\/div>\t\t\t\t\t\t\t\t<\/div>\n\t\t\t\t<\/div>\n\t\t\t\t<div class=\"elementor-element elementor-element-5b75a86 elementor-widget elementor-widget-html\" data-id=\"5b75a86\" data-element_type=\"widget\" data-widget_type=\"html.default\">\n\t\t\t\t<div class=\"elementor-widget-container\">\n\t\t\t\t\t<style>\r\n.particles-js-canvas-el {\r\n    width: 100%;\r\n    height: 100%;\r\n    position: absolute;\r\n    z-index: -1;\r\n    top: 0;\r\n    left:0;\r\n}\r\n<\/style>\r\n<script src=\"https:\/\/cdn.jsdelivr.net\/particles.js\/2.0.0\/particles.min.js\"><\/script> \r\n<script>\r\n\/\/JS Code Here\r\nparticlesJS(\"particles-js-5\", {\"particles\":{\"number\":{\"value\":123,\"density\":{\"enable\":true,\"value_area\":1025.8919341219544}},\"color\":{\"value\":\"#ffffff\"},\"shape\":{\"type\":\"circle\",\"stroke\":{\"width\":0,\"color\":\"#000000\"},\"polygon\":{\"nb_sides\":5},\"image\":{\"src\":\"img\/github.svg\",\"width\":100,\"height\":100}},\"opacity\":{\"value\":0.5,\"random\":false,\"anim\":{\"enable\":false,\"speed\":1,\"opacity_min\":0.1,\"sync\":false}},\"size\":{\"value\":3,\"random\":true,\"anim\":{\"enable\":false,\"speed\":40,\"size_min\":0.1,\"sync\":false}},\"line_linked\":{\"enable\":true,\"distance\":150,\"color\":\"#ffffff\",\"opacity\":0.4,\"width\":1},\"move\":{\"enable\":true,\"speed\":1,\"direction\":\"none\",\"random\":false,\"straight\":false,\"out_mode\":\"out\",\"bounce\":false,\"attract\":{\"enable\":false,\"rotateX\":600,\"rotateY\":1200}}},\"interactivity\":{\"detect_on\":\"canvas\",\"events\":{\"onhover\":{\"enable\":false,\"mode\":\"repulse\"},\"onclick\":{\"enable\":false,\"mode\":\"push\"},\"resize\":true},\"modes\":{\"grab\":{\"distance\":400,\"line_linked\":{\"opacity\":1}},\"bubble\":{\"distance\":400,\"size\":40,\"duration\":2,\"opacity\":8,\"speed\":3},\"repulse\":{\"distance\":200,\"duration\":0.4},\"push\":{\"particles_nb\":4},\"remove\":{\"particles_nb\":2}}},\"retina_detect\":true});var count_particles, stats, update; stats = new Stats; stats.setMode(0); stats.domElement.style.position = 'absolute'; stats.domElement.style.left = '0px'; stats.domElement.style.top = '0px'; document.body.appendChild(stats.domElement); count_particles = document.querySelector('.js-count-particles'); update = function() { stats.begin(); stats.end(); if (window.pJSDom[0].pJS.particles && window.pJSDom[0].pJS.particles.array) { count_particles.innerText = window.pJSDom[0].pJS.particles.array.length; } requestAnimationFrame(update); }; requestAnimationFrame(update);;\r\n<\/script>\t\t\t\t<\/div>\n\t\t\t\t<\/div>\n\t\t\t\t<\/div>\n\t\t\t\t<\/div>\n\t\t\t\t\t<\/div>\n\t\t\t\t<\/div>\n\t\t\t\t<\/div>","protected":false},"excerpt":{"rendered":"<p>Soft play Zabava za najmla\u0111e Za najmla\u0111u djecu od 0 do 7 godina u ponudi Pulse Arene je soft play dio sa toboganima, lopticama i spravama za igranje ure\u0111en u veselim bojama i posebno ogra\u0111en. Djeca u soft play dijelu moraju biti pod nadzorom i u pratnji roditelja. Za kori\u0161tenje soft play dijela potrebno je [&hellip;]<\/p>","protected":false},"author":1,"featured_media":0,"parent":99,"menu_order":0,"comment_status":"closed","ping_status":"closed","template":"","meta":{"_acf_changed":false,"footnotes":""},"class_list":["post-762","page","type-page","status-publish","hentry"],"acf":[],"aioseo_notices":[],"_links":{"self":[{"href":"https:\/\/pulsearena.net\/en\/wp-json\/wp\/v2\/pages\/762","targetHints":{"allow":["GET"]}}],"collection":[{"href":"https:\/\/pulsearena.net\/en\/wp-json\/wp\/v2\/pages"}],"about":[{"href":"https:\/\/pulsearena.net\/en\/wp-json\/wp\/v2\/types\/page"}],"author":[{"embeddable":true,"href":"https:\/\/pulsearena.net\/en\/wp-json\/wp\/v2\/users\/1"}],"replies":[{"embeddable":true,"href":"https:\/\/pulsearena.net\/en\/wp-json\/wp\/v2\/comments?post=762"}],"version-history":[{"count":46,"href":"https:\/\/pulsearena.net\/en\/wp-json\/wp\/v2\/pages\/762\/revisions"}],"predecessor-version":[{"id":2617,"href":"https:\/\/pulsearena.net\/en\/wp-json\/wp\/v2\/pages\/762\/revisions\/2617"}],"up":[{"embeddable":true,"href":"https:\/\/pulsearena.net\/en\/wp-json\/wp\/v2\/pages\/99"}],"wp:attachment":[{"href":"https:\/\/pulsearena.net\/en\/wp-json\/wp\/v2\/media?parent=762"}],"curies":[{"name":"wp","href":"https:\/\/api.w.org\/{rel}","templated":true}]}}