{"id":97,"date":"2024-09-03T14:23:16","date_gmt":"2024-09-03T12:23:16","guid":{"rendered":"https:\/\/pulsearena.net\/?page_id=97"},"modified":"2024-09-30T11:25:22","modified_gmt":"2024-09-30T09:25:22","slug":"o-nama","status":"publish","type":"page","link":"https:\/\/pulsearena.net\/en\/o-nama\/","title":{"rendered":"About Us"},"content":{"rendered":"<div data-elementor-type=\"wp-page\" data-elementor-id=\"97\" class=\"elementor elementor-97\" data-elementor-settings=\"{&quot;element_pack_global_tooltip_width&quot;:{&quot;unit&quot;:&quot;px&quot;,&quot;size&quot;:&quot;&quot;,&quot;sizes&quot;:[]},&quot;element_pack_global_tooltip_width_tablet&quot;:{&quot;unit&quot;:&quot;px&quot;,&quot;size&quot;:&quot;&quot;,&quot;sizes&quot;:[]},&quot;element_pack_global_tooltip_width_mobile&quot;:{&quot;unit&quot;:&quot;px&quot;,&quot;size&quot;:&quot;&quot;,&quot;sizes&quot;:[]},&quot;element_pack_global_tooltip_padding&quot;:{&quot;unit&quot;:&quot;px&quot;,&quot;top&quot;:&quot;&quot;,&quot;right&quot;:&quot;&quot;,&quot;bottom&quot;:&quot;&quot;,&quot;left&quot;:&quot;&quot;,&quot;isLinked&quot;:true},&quot;element_pack_global_tooltip_padding_tablet&quot;:{&quot;unit&quot;:&quot;px&quot;,&quot;top&quot;:&quot;&quot;,&quot;right&quot;:&quot;&quot;,&quot;bottom&quot;:&quot;&quot;,&quot;left&quot;:&quot;&quot;,&quot;isLinked&quot;:true},&quot;element_pack_global_tooltip_padding_mobile&quot;:{&quot;unit&quot;:&quot;px&quot;,&quot;top&quot;:&quot;&quot;,&quot;right&quot;:&quot;&quot;,&quot;bottom&quot;:&quot;&quot;,&quot;left&quot;:&quot;&quot;,&quot;isLinked&quot;:true},&quot;element_pack_global_tooltip_border_radius&quot;:{&quot;unit&quot;:&quot;px&quot;,&quot;top&quot;:&quot;&quot;,&quot;right&quot;:&quot;&quot;,&quot;bottom&quot;:&quot;&quot;,&quot;left&quot;:&quot;&quot;,&quot;isLinked&quot;:true},&quot;element_pack_global_tooltip_border_radius_tablet&quot;:{&quot;unit&quot;:&quot;px&quot;,&quot;top&quot;:&quot;&quot;,&quot;right&quot;:&quot;&quot;,&quot;bottom&quot;:&quot;&quot;,&quot;left&quot;:&quot;&quot;,&quot;isLinked&quot;:true},&quot;element_pack_global_tooltip_border_radius_mobile&quot;:{&quot;unit&quot;:&quot;px&quot;,&quot;top&quot;:&quot;&quot;,&quot;right&quot;:&quot;&quot;,&quot;bottom&quot;:&quot;&quot;,&quot;left&quot;:&quot;&quot;,&quot;isLinked&quot;:true}}\" data-elementor-post-type=\"page\">\n\t\t\t\t<div class=\"elementor-element elementor-element-c6d4edb e-flex e-con-boxed e-con e-parent\" data-id=\"c6d4edb\" data-element_type=\"container\" data-settings=\"{&quot;background_background&quot;:&quot;classic&quot;}\">\n\t\t\t\t\t<div class=\"e-con-inner\">\n\t\t\t\t<div class=\"elementor-element elementor-element-2d04694 elementor-widget elementor-widget-heading\" data-id=\"2d04694\" data-element_type=\"widget\" data-widget_type=\"heading.default\">\n\t\t\t\t<div class=\"elementor-widget-container\">\n\t\t\t\t\t<h1 class=\"elementor-heading-title elementor-size-default\">About Us<\/h1>\t\t\t\t<\/div>\n\t\t\t\t<\/div>\n\t\t\t\t<div class=\"elementor-element elementor-element-1e2d2a5 elementor-widget elementor-widget-heading\" data-id=\"1e2d2a5\" data-element_type=\"widget\" data-widget_type=\"heading.default\">\n\t\t\t\t<div class=\"elementor-widget-container\">\n\t\t\t\t\t<h1 class=\"elementor-heading-title elementor-size-default\">Let's get to know each other better<\/h1>\t\t\t\t<\/div>\n\t\t\t\t<\/div>\n\t\t\t\t\t<\/div>\n\t\t\t\t<\/div>\n\t\t<div class=\"elementor-element elementor-element-fed70ba e-flex e-con-boxed e-con e-parent\" data-id=\"fed70ba\" data-element_type=\"container\">\n\t\t\t\t\t<div class=\"e-con-inner\">\n\t\t<div class=\"elementor-element elementor-element-bf285ef e-con-full e-flex e-con e-child\" data-id=\"bf285ef\" data-element_type=\"container\">\n\t\t\t\t<div class=\"elementor-element elementor-element-1a5e1d0 elementor-hidden-tablet elementor-hidden-mobile elementor-widget elementor-widget-heading\" data-id=\"1a5e1d0\" data-element_type=\"widget\" data-widget_type=\"heading.default\">\n\t\t\t\t<div class=\"elementor-widget-container\">\n\t\t\t\t\t<h2 class=\"elementor-heading-title elementor-size-default\">Find out our story about Pulse Arena!<\/h2>\t\t\t\t<\/div>\n\t\t\t\t<\/div>\n\t\t\t\t<div class=\"elementor-element elementor-element-01a6de4 elementor-hidden-desktop elementor-widget elementor-widget-heading\" data-id=\"01a6de4\" data-element_type=\"widget\" data-widget_type=\"heading.default\">\n\t\t\t\t<div class=\"elementor-widget-container\">\n\t\t\t\t\t<h2 class=\"elementor-heading-title elementor-size-default\">Find out our story<br>\n about Pulse Arena!<\/h2>\t\t\t\t<\/div>\n\t\t\t\t<\/div>\n\t\t\t\t<\/div>\n\t\t<div class=\"elementor-element elementor-element-b05fb5e e-con-full e-flex e-con e-child\" data-id=\"b05fb5e\" data-element_type=\"container\">\n\t\t\t\t<div class=\"elementor-element elementor-element-fbaa6c9 elementor-arrows-position-inside elementor-widget elementor-widget-image-carousel\" data-id=\"fbaa6c9\" data-element_type=\"widget\" data-settings=\"{&quot;slides_to_show&quot;:&quot;1&quot;,&quot;navigation&quot;:&quot;arrows&quot;,&quot;autoplay&quot;:&quot;yes&quot;,&quot;pause_on_interaction&quot;:&quot;yes&quot;,&quot;autoplay_speed&quot;:5000,&quot;infinite&quot;:&quot;yes&quot;,&quot;effect&quot;:&quot;slide&quot;,&quot;speed&quot;:500}\" data-widget_type=\"image-carousel.default\">\n\t\t\t\t<div class=\"elementor-widget-container\">\n\t\t\t\t\t\t\t<div class=\"elementor-image-carousel-wrapper swiper\" role=\"region\" aria-roledescription=\"carousel\" aria-label=\"Vrtuljak slika\" dir=\"ltr\">\n\t\t\t<div class=\"elementor-image-carousel swiper-wrapper\" aria-live=\"off\">\n\t\t\t\t\t\t\t\t<div class=\"swiper-slide\" role=\"group\" aria-roledescription=\"slide\" aria-label=\"1 of 5\"><figure class=\"swiper-slide-inner\"><img decoding=\"async\" class=\"swiper-slide-image\" src=\"https:\/\/pulsearena.net\/wp-content\/uploads\/2024\/09\/WhatsApp-Slika-2024-09-19-u-11.05.56_415ddb28.jpg\" alt=\"WhatsApp Slika 2024-09-19 u 11.05.56_415ddb28\" \/><\/figure><\/div><div class=\"swiper-slide\" role=\"group\" aria-roledescription=\"slide\" aria-label=\"2 of 5\"><figure class=\"swiper-slide-inner\"><img decoding=\"async\" class=\"swiper-slide-image\" src=\"https:\/\/pulsearena.net\/wp-content\/uploads\/2024\/09\/20240829-VB8_5402-dng-scaled.jpg\" alt=\"20240829-VB8_5402-dng\" \/><\/figure><\/div><div class=\"swiper-slide\" role=\"group\" aria-roledescription=\"slide\" aria-label=\"3 of 5\"><figure class=\"swiper-slide-inner\"><img decoding=\"async\" class=\"swiper-slide-image\" src=\"https:\/\/pulsearena.net\/wp-content\/uploads\/2024\/09\/20240829-VB8_5414-dng-scaled.jpg\" alt=\"20240829-VB8_5414-dng\" \/><\/figure><\/div><div class=\"swiper-slide\" role=\"group\" aria-roledescription=\"slide\" aria-label=\"4 of 5\"><figure class=\"swiper-slide-inner\"><img decoding=\"async\" class=\"swiper-slide-image\" src=\"https:\/\/pulsearena.net\/wp-content\/uploads\/2024\/09\/20240829-VB8_5428-dng-scaled.jpg\" alt=\"20240829-VB8_5428-dng\" \/><\/figure><\/div><div class=\"swiper-slide\" role=\"group\" aria-roledescription=\"slide\" aria-label=\"5 of 5\"><figure class=\"swiper-slide-inner\"><img decoding=\"async\" class=\"swiper-slide-image\" src=\"https:\/\/pulsearena.net\/wp-content\/uploads\/2024\/09\/20240829-VB8_5431-dng-scaled.jpg\" alt=\"20240829-VB8_5431-dng\" \/><\/figure><\/div>\t\t\t<\/div>\n\t\t\t\t\t\t\t\t\t\t\t\t<div class=\"elementor-swiper-button elementor-swiper-button-prev\" role=\"button\" tabindex=\"0\">\n\t\t\t\t\t\t<svg aria-hidden=\"true\" class=\"e-font-icon-svg e-eicon-chevron-left\" viewbox=\"0 0 1000 1000\" xmlns=\"http:\/\/www.w3.org\/2000\/svg\"><path d=\"M646 125C629 125 613 133 604 142L308 442C296 454 292 471 292 487 292 504 296 521 308 533L604 854C617 867 629 875 646 875 663 875 679 871 692 858 704 846 713 829 713 812 713 796 708 779 692 767L438 487 692 225C700 217 708 204 708 187 708 171 704 154 692 142 675 129 663 125 646 125Z\"><\/path><\/svg>\t\t\t\t\t<\/div>\n\t\t\t\t\t<div class=\"elementor-swiper-button elementor-swiper-button-next\" role=\"button\" tabindex=\"0\">\n\t\t\t\t\t\t<svg aria-hidden=\"true\" class=\"e-font-icon-svg e-eicon-chevron-right\" viewbox=\"0 0 1000 1000\" xmlns=\"http:\/\/www.w3.org\/2000\/svg\"><path d=\"M696 533C708 521 713 504 713 487 713 471 708 454 696 446L400 146C388 133 375 125 354 125 338 125 325 129 313 142 300 154 292 171 292 187 292 204 296 221 308 233L563 492 304 771C292 783 288 800 288 817 288 833 296 850 308 863 321 871 338 875 354 875 371 875 388 867 400 854L696 533Z\"><\/path><\/svg>\t\t\t\t\t<\/div>\n\t\t\t\t\n\t\t\t\t\t\t\t\t\t<\/div>\n\t\t\t\t\t\t<\/div>\n\t\t\t\t<\/div>\n\t\t\t\t<\/div>\n\t\t<div class=\"elementor-element elementor-element-b8f0476 e-con-full e-flex e-con e-child\" data-id=\"b8f0476\" data-element_type=\"container\">\n\t\t\t\t<div class=\"elementor-element elementor-element-b725e01 elementor-widget elementor-widget-text-editor\" data-id=\"b725e01\" data-element_type=\"widget\" data-widget_type=\"text-editor.default\">\n\t\t\t\t<div class=\"elementor-widget-container\">\n\t\t\t\t\t\t\t\t\t<p>Pulse Arena is a new brand on the Croatian market that opened its doors in September 2024. It is family-owned and behind the whole story is the long-term development of an idea that was preceded by listening to the needs of the market and primarily children's needs. Always eager to have fun, curious and full of positive energy, a family decision was made that precisely such clients deserve to have quality content created for them, which for that generation is sorely lacking in Dalmatia and \u0160ibenik. A vision was born of the construction of a family amusement park that will bring freshness to the offer of entertainment in the \u0160ibenik and Dalmatian areas.\u00a0<\/p><p><span style=\"color: var( --e-global-color-text ); font-family: var( --e-global-typography-text-font-family ), Arial; font-weight: var( --e-global-typography-text-font-weight ); background-color: var( --e-global-color-a902b5f ); font-size: 1rem;\">By creating its contents and offer, Pulse Arena wanted to satisfy whole families who can spend quality time in a pleasant and modern environment, having fun together.\u00a0<\/span><\/p><p><span style=\"background-color: var( --e-global-color-a902b5f ); color: var( --e-global-color-text ); font-family: var( --e-global-typography-text-font-family ), Arial; font-size: 1rem; font-weight: var( --e-global-typography-text-font-weight );\">In addition to entertainment content, the vision was to create something completely different in the gastronomic world. By researching and learning from the best, we came up with the concept of preparing special and different food that simply must be tried. We wish you endless laughter, fun, pleasant moments and family memories. Exactly at Pulse Arena and Pizzaholic Restaurant in \u0160ibenik.<\/span><\/p>\t\t\t\t\t\t\t\t<\/div>\n\t\t\t\t<\/div>\n\t\t\t\t<\/div>\n\t\t\t\t\t<\/div>\n\t\t\t\t<\/div>\n\t\t\t\t<\/div>","protected":false},"excerpt":{"rendered":"<p>O nama Upoznajmo se bolje Saznajte na\u0161u pri\u010du o Pulse Areni! Saznajte na\u0161u pri\u010du o Pulse Areni! Pulse Arena novi je brend na hrvatskom tr\u017ei\u0161tu koji je otvorio svoja vrata u rujnu 2024. godine. U obiteljskom je vlasni\u0161tvu i iza cijele pri\u010de stoji dugogodi\u0161nji razvoj ideje kojoj je prethodilo oslu\u0161kivanje potreba tr\u017ei\u0161ta i prvenstveno dje\u010djih [&hellip;]<\/p>","protected":false},"author":1,"featured_media":0,"parent":0,"menu_order":0,"comment_status":"closed","ping_status":"closed","template":"","meta":{"_acf_changed":false,"footnotes":""},"class_list":["post-97","page","type-page","status-publish","hentry"],"acf":[],"aioseo_notices":[],"_links":{"self":[{"href":"https:\/\/pulsearena.net\/en\/wp-json\/wp\/v2\/pages\/97","targetHints":{"allow":["GET"]}}],"collection":[{"href":"https:\/\/pulsearena.net\/en\/wp-json\/wp\/v2\/pages"}],"about":[{"href":"https:\/\/pulsearena.net\/en\/wp-json\/wp\/v2\/types\/page"}],"author":[{"embeddable":true,"href":"https:\/\/pulsearena.net\/en\/wp-json\/wp\/v2\/users\/1"}],"replies":[{"embeddable":true,"href":"https:\/\/pulsearena.net\/en\/wp-json\/wp\/v2\/comments?post=97"}],"version-history":[{"count":103,"href":"https:\/\/pulsearena.net\/en\/wp-json\/wp\/v2\/pages\/97\/revisions"}],"predecessor-version":[{"id":2502,"href":"https:\/\/pulsearena.net\/en\/wp-json\/wp\/v2\/pages\/97\/revisions\/2502"}],"wp:attachment":[{"href":"https:\/\/pulsearena.net\/en\/wp-json\/wp\/v2\/media?parent=97"}],"curies":[{"name":"wp","href":"https:\/\/api.w.org\/{rel}","templated":true}]}}